{"id":1860,"date":"2021-10-31T17:05:58","date_gmt":"2021-10-31T14:05:58","guid":{"rendered":"http:\/\/menuden.net\/wooxloungemenu\/?page_id=1860"},"modified":"2021-11-29T15:42:27","modified_gmt":"2021-11-29T12:42:27","slug":"sporcu-menusu","status":"publish","type":"page","link":"http:\/\/menuden.net\/wooxloungemenu\/sporcu-menusu\/","title":{"rendered":"Sporcu Men\u00fcs\u00fc"},"content":{"rendered":"\t\t<div data-elementor-type=\"wp-page\" data-elementor-id=\"1860\" class=\"elementor elementor-1860\" data-elementor-settings=\"[]\">\n\t\t\t\t\t\t<div class=\"elementor-inner\">\n\t\t\t\t\t\t\t<div class=\"elementor-section-wrap\">\n\t\t\t\t\t\t\t<section class=\"elementor-section elementor-top-section elementor-element elementor-element-26b50580 elementor-hidden-desktop elementor-hidden-tablet elementor-section-full_width elementor-section-content-middle elementor-section-height-default elementor-section-height-default\" data-id=\"26b50580\" data-element_type=\"section\" data-settings=\"{&quot;background_background&quot;:&quot;classic&quot;}\">\n\t\t\t\t\t\t\t<div class=\"elementor-background-overlay\"><\/div>\n\t\t\t\t\t\t\t<div class=\"elementor-container elementor-column-gap-no\">\n\t\t\t\t\t\t\t<div class=\"elementor-row\">\n\t\t\t\t\t<div class=\"elementor-column elementor-col-50 elementor-top-column elementor-element elementor-element-1a2a2b79\" data-id=\"1a2a2b79\" data-element_type=\"column\">\n\t\t\t<div class=\"elementor-column-wrap elementor-element-populated\">\n\t\t\t\t\t\t\t<div class=\"elementor-widget-wrap\">\n\t\t\t\t\t\t<div class=\"elementor-element elementor-element-4514be9c elementor-widget elementor-widget-image\" data-id=\"4514be9c\" data-element_type=\"widget\" data-settings=\"{&quot;ekit_we_effect_on&quot;:&quot;none&quot;}\" data-widget_type=\"image.default\">\n\t\t\t\t<div class=\"elementor-widget-container\">\n\t\t\t\t\t\t\t\t<div class=\"elementor-image\">\n\t\t\t\t\t\t\t\t\t\t\t\t<img decoding=\"async\" width=\"580\" height=\"75\" src=\"http:\/\/menuden.net\/wooxloungemenu\/wp-content\/uploads\/2021\/10\/woox_log.png\" class=\"attachment-large size-large\" alt=\"\" loading=\"lazy\" srcset=\"http:\/\/menuden.net\/wooxloungemenu\/wp-content\/uploads\/2021\/10\/woox_log.png 580w, http:\/\/menuden.net\/wooxloungemenu\/wp-content\/uploads\/2021\/10\/woox_log-300x39.png 300w\" sizes=\"(max-width: 580px) 100vw, 580px\" \/>\t\t\t\t\t\t\t\t\t\t\t\t\t\t<\/div>\n\t\t\t\t\t\t<\/div>\n\t\t\t\t<\/div>\n\t\t\t\t\t\t<\/div>\n\t\t\t\t\t<\/div>\n\t\t<\/div>\n\t\t\t\t<div class=\"elementor-column elementor-col-50 elementor-top-column elementor-element elementor-element-3f304ad6\" data-id=\"3f304ad6\" data-element_type=\"column\">\n\t\t\t<div class=\"elementor-column-wrap elementor-element-populated\">\n\t\t\t\t\t\t\t<div class=\"elementor-widget-wrap\">\n\t\t\t\t\t\t<div class=\"elementor-element elementor-element-718613bf elementor-widget elementor-widget-image\" data-id=\"718613bf\" data-element_type=\"widget\" data-settings=\"{&quot;ekit_we_effect_on&quot;:&quot;none&quot;}\" data-widget_type=\"image.default\">\n\t\t\t\t<div class=\"elementor-widget-container\">\n\t\t\t\t\t\t\t\t<div class=\"elementor-image\">\n\t\t\t\t\t\t\t\t\t\t\t\t\t<a href=\"http:\/\/menuden.net\/wooxloungemenu\/menu1\">\n\t\t\t\t\t\t\t<img decoding=\"async\" width=\"496\" height=\"321\" src=\"http:\/\/menuden.net\/wooxloungemenu\/wp-content\/uploads\/2021\/10\/woo_geri.png\" class=\"attachment-large size-large\" alt=\"\" loading=\"lazy\" srcset=\"http:\/\/menuden.net\/wooxloungemenu\/wp-content\/uploads\/2021\/10\/woo_geri.png 496w, http:\/\/menuden.net\/wooxloungemenu\/wp-content\/uploads\/2021\/10\/woo_geri-300x194.png 300w\" sizes=\"(max-width: 496px) 100vw, 496px\" \/>\t\t\t\t\t\t\t\t<\/a>\n\t\t\t\t\t\t\t\t\t\t\t\t\t\t<\/div>\n\t\t\t\t\t\t<\/div>\n\t\t\t\t<\/div>\n\t\t\t\t\t\t<\/div>\n\t\t\t\t\t<\/div>\n\t\t<\/div>\n\t\t\t\t\t\t\t\t<\/div>\n\t\t\t\t\t<\/div>\n\t\t<\/section>\n\t\t\t\t<section class=\"elementor-section elementor-top-section elementor-element elementor-element-b799770 elementor-hidden-desktop elementor-hidden-tablet elementor-section-boxed elementor-section-height-default elementor-section-height-default\" data-id=\"b799770\" data-element_type=\"section\" data-settings=\"{&quot;background_background&quot;:&quot;classic&quot;}\">\n\t\t\t\t\t\t<div class=\"elementor-container elementor-column-gap-default\">\n\t\t\t\t\t\t\t<div class=\"elementor-row\">\n\t\t\t\t\t<div class=\"elementor-column elementor-col-100 elementor-top-column elementor-element elementor-element-3140f1bc\" data-id=\"3140f1bc\" data-element_type=\"column\">\n\t\t\t<div class=\"elementor-column-wrap elementor-element-populated\">\n\t\t\t\t\t\t\t<div class=\"elementor-widget-wrap\">\n\t\t\t\t\t\t<div class=\"elementor-element elementor-element-ff9f79b elementor-widget-divider--view-line elementor-widget elementor-widget-divider\" data-id=\"ff9f79b\" data-element_type=\"widget\" data-settings=\"{&quot;ekit_we_effect_on&quot;:&quot;none&quot;}\" data-widget_type=\"divider.default\">\n\t\t\t\t<div class=\"elementor-widget-container\">\n\t\t\t\t\t<div class=\"elementor-divider\">\n\t\t\t<span class=\"elementor-divider-separator\">\n\t\t\t\t\t\t<\/span>\n\t\t<\/div>\n\t\t\t\t<\/div>\n\t\t\t\t<\/div>\n\t\t\t\t<div class=\"elementor-element elementor-element-5e18830 elementor-widget elementor-widget-heading\" data-id=\"5e18830\" data-element_type=\"widget\" data-settings=\"{&quot;_animation_mobile&quot;:&quot;slideInLeft&quot;,&quot;ekit_we_effect_on&quot;:&quot;none&quot;}\" data-widget_type=\"heading.default\">\n\t\t\t\t<div class=\"elementor-widget-container\">\n\t\t\t<h2 class=\"elementor-heading-title elementor-size-default\"><b>Sporcu Men\u00fcs\u00fc<\/b><\/h2>\t\t<\/div>\n\t\t\t\t<\/div>\n\t\t\t\t<div class=\"elementor-element elementor-element-5ae61adb elementor-widget-divider--view-line elementor-widget elementor-widget-divider\" data-id=\"5ae61adb\" data-element_type=\"widget\" data-settings=\"{&quot;ekit_we_effect_on&quot;:&quot;none&quot;}\" data-widget_type=\"divider.default\">\n\t\t\t\t<div class=\"elementor-widget-container\">\n\t\t\t\t\t<div class=\"elementor-divider\">\n\t\t\t<span class=\"elementor-divider-separator\">\n\t\t\t\t\t\t<\/span>\n\t\t<\/div>\n\t\t\t\t<\/div>\n\t\t\t\t<\/div>\n\t\t\t\t\t\t<\/div>\n\t\t\t\t\t<\/div>\n\t\t<\/div>\n\t\t\t\t\t\t\t\t<\/div>\n\t\t\t\t\t<\/div>\n\t\t<\/section>\n\t\t\t\t<section class=\"elementor-section elementor-top-section elementor-element elementor-element-33a94e03 elementor-hidden-desktop elementor-hidden-tablet elementor-section-boxed elementor-section-height-default elementor-section-height-default\" data-id=\"33a94e03\" data-element_type=\"section\" data-settings=\"{&quot;animation_mobile&quot;:&quot;fadeInRight&quot;}\">\n\t\t\t\t\t\t<div class=\"elementor-container elementor-column-gap-no\">\n\t\t\t\t\t\t\t<div class=\"elementor-row\">\n\t\t\t\t\t<div class=\"elementor-column elementor-col-100 elementor-top-column elementor-element elementor-element-6d55491c\" data-id=\"6d55491c\" data-element_type=\"column\">\n\t\t\t<div class=\"elementor-column-wrap elementor-element-populated\">\n\t\t\t\t\t\t\t<div class=\"elementor-widget-wrap\">\n\t\t\t\t\t\t<div class=\"elementor-element elementor-element-319264be elementor-widget elementor-widget-gloreya-food-list\" data-id=\"319264be\" data-element_type=\"widget\" data-settings=\"{&quot;ekit_we_effect_on&quot;:&quot;none&quot;}\" data-widget_type=\"gloreya-food-list.default\">\n\t\t\t\t<div class=\"elementor-widget-container\">\n\t\t\t                    <div class=\"menu-list-item\"> \n                                 <div class=\"menu-block media\"> \n                     <div class=\"post-thumb\">\n                                                       <img decoding=\"async\" src=\"\/\/menuden.net\/wooxloungemenu\/wp-content\/uploads\/2021\/10\/sp1.jpg\" class=\"img-fluid\" alt=' Herk\u00fcl Omlet ' \/>\n                                                <\/div>\n                     <div class=\"inner-box\"> \n                                                <div class=\"info clearfix\">\n                              <h3 class=\"post-title pull-left\">\n                                 Herk\u00fcl Omlet                              <\/h3> \n                              <h3 class=\"price pull-right\"><i>\u20ba <\/i> 280<\/h3>\n\n                        <\/div>\n                        <div class=\"text\"> \n                           4 Yumurta Ak\u0131, 1 Yumurta Sar\u0131s\u0131, Beyaz Peynir, Maydanoz&nbsp;&nbsp;&nbsp;&nbsp;&nbsp;                        <\/div>\n                     <\/div>\n                  <\/div>\n                                                   <div class=\"menu-block media\"> \n                     <div class=\"post-thumb\">\n                                                       <img decoding=\"async\" src=\"\/\/menuden.net\/wooxloungemenu\/wp-content\/uploads\/2021\/10\/sp2.jpg\" class=\"img-fluid\" alt=' Herk\u00fcl Tost ' \/>\n                                                <\/div>\n                     <div class=\"inner-box\"> \n                                                <div class=\"info clearfix\">\n                              <h3 class=\"post-title pull-left\">\n                                 Herk\u00fcl Tost                              <\/h3> \n                              <h3 class=\"price pull-right\"><i>\u20ba <\/i> 300<\/h3>\n\n                        <\/div>\n                        <div class=\"text\"> \n                           Tam Tah\u0131ll\u0131 Ekmek, Beyaz Peynir, Domates, Mevsim Ye\u015fillikleri                        <\/div>\n                     <\/div>\n                  <\/div>\n                                                   <div class=\"menu-block media\"> \n                     <div class=\"post-thumb\">\n                                                       <img decoding=\"async\" src=\"\/\/menuden.net\/wooxloungemenu\/wp-content\/uploads\/2021\/10\/sp3.jpg\" class=\"img-fluid\" alt=' Aminocu Tavuk ' \/>\n                                                <\/div>\n                     <div class=\"inner-box\"> \n                                                <div class=\"info clearfix\">\n                              <h3 class=\"post-title pull-left\">\n                                 Aminocu Tavuk                              <\/h3> \n                              <h3 class=\"price pull-right\"><i>\u20ba <\/i> 470<\/h3>\n\n                        <\/div>\n                        <div class=\"text\"> \n                           200 gr. Tavuk G\u00f6\u011f\u00fcs Izgara, Pirin\u00e7 Pilav\u0131, ve Mevsim Sebzeleri                        <\/div>\n                     <\/div>\n                  <\/div>\n                                                   <div class=\"menu-block media\"> \n                     <div class=\"post-thumb\">\n                                                       <img decoding=\"async\" src=\"\/\/menuden.net\/wooxloungemenu\/wp-content\/uploads\/2021\/10\/sp4.jpg\" class=\"img-fluid\" alt=' Aminocu Et ' \/>\n                                                <\/div>\n                     <div class=\"inner-box\"> \n                                                <div class=\"info clearfix\">\n                              <h3 class=\"post-title pull-left\">\n                                 Aminocu Et                              <\/h3> \n                              <h3 class=\"price pull-right\"><i>\u20ba <\/i> 850<\/h3>\n\n                        <\/div>\n                        <div class=\"text\"> \n                           200 gr. Izgarada Dana Bonfile, Pirin\u00e7 Pilav\u0131 ve Mevsim Sebzeleri                        <\/div>\n                     <\/div>\n                  <\/div>\n                                                   <div class=\"menu-block media\"> \n                     <div class=\"post-thumb\">\n                                                       <img decoding=\"async\" src=\"\/\/menuden.net\/wooxloungemenu\/wp-content\/uploads\/2021\/10\/sp5.jpg\" class=\"img-fluid\" alt=' Tavuklu Hulk Makarna ' \/>\n                                                <\/div>\n                     <div class=\"inner-box\"> \n                                                <div class=\"info clearfix\">\n                              <h3 class=\"post-title pull-left\">\n                                 Tavuklu Hulk Makarna                              <\/h3> \n                              <h3 class=\"price pull-right\"><i>\u20ba <\/i> 500<\/h3>\n\n                        <\/div>\n                        <div class=\"text\"> \n                           Kepekli Makarna, 150 gr. Izgara Tavuk\r\n&nbsp;&nbsp;&nbsp;&nbsp;&nbsp;&nbsp;&nbsp;&nbsp;&nbsp;&nbsp;&nbsp;&nbsp;&nbsp;&nbsp;&nbsp;&nbsp;&nbsp;&nbsp;&nbsp;&nbsp;&nbsp;&nbsp;&nbsp;&nbsp;&nbsp;&nbsp;&nbsp;&nbsp;&nbsp;&nbsp;&nbsp;&nbsp;&nbsp;&nbsp;&nbsp;&nbsp;&nbsp;&nbsp;&nbsp;&nbsp;&nbsp;&nbsp;&nbsp;&nbsp;&nbsp;&nbsp;&nbsp;                        <\/div>\n                     <\/div>\n                  <\/div>\n                                                   <div class=\"menu-block media\"> \n                     <div class=\"post-thumb\">\n                                                       <img decoding=\"async\" src=\"\/\/menuden.net\/wooxloungemenu\/wp-content\/uploads\/2021\/10\/sp6.jpg\" class=\"img-fluid\" alt=' Ton Bal\u0131kl\u0131 Hulk Makarna ' \/>\n                                                <\/div>\n                     <div class=\"inner-box\"> \n                                                <div class=\"info clearfix\">\n                              <h3 class=\"post-title pull-left\">\n                                 Ton Bal\u0131kl\u0131 Hulk Makarna                              <\/h3> \n                              <h3 class=\"price pull-right\"><i>\u20ba <\/i> 550<\/h3>\n\n                        <\/div>\n                        <div class=\"text\"> \n                           Kepekli Makarna, Ton Bal\u0131\u011f\u0131\r\n&nbsp;&nbsp;&nbsp;&nbsp;&nbsp;&nbsp;&nbsp;&nbsp;&nbsp;&nbsp;&nbsp;&nbsp;&nbsp;&nbsp;&nbsp;&nbsp;&nbsp;&nbsp;&nbsp;&nbsp;&nbsp;&nbsp;&nbsp;&nbsp;&nbsp;&nbsp;&nbsp;&nbsp;&nbsp;&nbsp;&nbsp;&nbsp;&nbsp;&nbsp;&nbsp;&nbsp;&nbsp;&nbsp;&nbsp;&nbsp;&nbsp;&nbsp;&nbsp;&nbsp;&nbsp;&nbsp;&nbsp;&nbsp;&nbsp;&nbsp;&nbsp;&nbsp;&nbsp;&nbsp;&nbsp;&nbsp;&nbsp;&nbsp;&nbsp;&nbsp;&nbsp;&nbsp;&nbsp;&nbsp;&nbsp;&nbsp;&nbsp;&nbsp;&nbsp;&nbsp;&nbsp;&nbsp;                        <\/div>\n                     <\/div>\n                  <\/div>\n                                                   <div class=\"menu-block media\"> \n                     <div class=\"post-thumb\">\n                                                       <img decoding=\"async\" src=\"\/\/menuden.net\/wooxloungemenu\/wp-content\/uploads\/2021\/10\/sp7.jpg\" class=\"img-fluid\" alt=' Fitwhich Tavuk ' \/>\n                                                <\/div>\n                     <div class=\"inner-box\"> \n                                                <div class=\"info clearfix\">\n                              <h3 class=\"post-title pull-left\">\n                                 Fitwhich Tavuk                              <\/h3> \n                              <h3 class=\"price pull-right\"><i>\u20ba <\/i> 350<\/h3>\n\n                        <\/div>\n                        <div class=\"text\"> \n                           Kepek Ekme\u011fi \u0130\u00e7erisine Tavuk Izgara ve Mevsim Ye\u015fillikleri                        <\/div>\n                     <\/div>\n                  <\/div>\n                                                   <div class=\"menu-block media\"> \n                     <div class=\"post-thumb\">\n                                                       <img decoding=\"async\" src=\"\/\/menuden.net\/wooxloungemenu\/wp-content\/uploads\/2021\/10\/sp8.jpg\" class=\"img-fluid\" alt=' Fitwhich Ton  ' \/>\n                                                <\/div>\n                     <div class=\"inner-box\"> \n                                                <div class=\"info clearfix\">\n                              <h3 class=\"post-title pull-left\">\n                                 Fitwhich Ton                               <\/h3> \n                              <h3 class=\"price pull-right\"><i>\u20ba <\/i> 350<\/h3>\n\n                        <\/div>\n                        <div class=\"text\"> \n                           Kepek Ekme\u011fi \u0130\u00e7erisine Ton Bal\u0131\u011f\u0131 ve Mevsim Ye\u015fillikleri                        <\/div>\n                     <\/div>\n                  <\/div>\n                                                   <div class=\"menu-block media\"> \n                     <div class=\"post-thumb\">\n                                                       <img decoding=\"async\" src=\"\/\/menuden.net\/wooxloungemenu\/wp-content\/uploads\/2021\/10\/sp9.jpg\" class=\"img-fluid\" alt=' Fitwhich Et  ' \/>\n                                                <\/div>\n                     <div class=\"inner-box\"> \n                                                <div class=\"info clearfix\">\n                              <h3 class=\"post-title pull-left\">\n                                 Fitwhich Et                               <\/h3> \n                              <h3 class=\"price pull-right\"><i>\u20ba <\/i> 400<\/h3>\n\n                        <\/div>\n                        <div class=\"text\"> \n                           Kepek Ekme\u011fi \u0130\u00e7erisine Izgara Bonfile ve Mevsim Ye\u015fillikleri                        <\/div>\n                     <\/div>\n                  <\/div>\n                                             <\/div>\n                   \t\t<\/div>\n\t\t\t\t<\/div>\n\t\t\t\t\t\t<\/div>\n\t\t\t\t\t<\/div>\n\t\t<\/div>\n\t\t\t\t\t\t\t\t<\/div>\n\t\t\t\t\t<\/div>\n\t\t<\/section>\n\t\t\t\t<section class=\"elementor-section elementor-top-section elementor-element elementor-element-617662ba elementor-hidden-mobile elementor-section-boxed elementor-section-height-default elementor-section-height-default\" data-id=\"617662ba\" data-element_type=\"section\" data-settings=\"{&quot;background_background&quot;:&quot;classic&quot;}\">\n\t\t\t\t\t\t<div class=\"elementor-container elementor-column-gap-default\">\n\t\t\t\t\t\t\t<div class=\"elementor-row\">\n\t\t\t\t\t<div class=\"elementor-column elementor-col-100 elementor-top-column elementor-element elementor-element-415bdbd1\" data-id=\"415bdbd1\" data-element_type=\"column\">\n\t\t\t<div class=\"elementor-column-wrap elementor-element-populated\">\n\t\t\t\t\t\t\t<div class=\"elementor-widget-wrap\">\n\t\t\t\t\t\t<div class=\"elementor-element elementor-element-404dae9c elementor-widget elementor-widget-image\" data-id=\"404dae9c\" data-element_type=\"widget\" data-settings=\"{&quot;ekit_we_effect_on&quot;:&quot;none&quot;}\" data-widget_type=\"image.default\">\n\t\t\t\t<div class=\"elementor-widget-container\">\n\t\t\t\t\t\t\t\t<div class=\"elementor-image\">\n\t\t\t\t\t\t\t\t\t\t\t\t<img decoding=\"async\" width=\"383\" height=\"132\" src=\"http:\/\/menuden.net\/wooxloungemenu\/wp-content\/uploads\/2021\/10\/WO.png\" class=\"attachment-medium_large size-medium_large\" alt=\"\" loading=\"lazy\" srcset=\"http:\/\/menuden.net\/wooxloungemenu\/wp-content\/uploads\/2021\/10\/WO.png 383w, http:\/\/menuden.net\/wooxloungemenu\/wp-content\/uploads\/2021\/10\/WO-300x103.png 300w\" sizes=\"(max-width: 383px) 100vw, 383px\" \/>\t\t\t\t\t\t\t\t\t\t\t\t\t\t<\/div>\n\t\t\t\t\t\t<\/div>\n\t\t\t\t<\/div>\n\t\t\t\t<div class=\"elementor-element elementor-element-5f38d831 elementor-widget-divider--view-line elementor-widget elementor-widget-divider\" data-id=\"5f38d831\" data-element_type=\"widget\" data-settings=\"{&quot;ekit_we_effect_on&quot;:&quot;none&quot;}\" data-widget_type=\"divider.default\">\n\t\t\t\t<div class=\"elementor-widget-container\">\n\t\t\t\t\t<div class=\"elementor-divider\">\n\t\t\t<span class=\"elementor-divider-separator\">\n\t\t\t\t\t\t<\/span>\n\t\t<\/div>\n\t\t\t\t<\/div>\n\t\t\t\t<\/div>\n\t\t\t\t\t\t<\/div>\n\t\t\t\t\t<\/div>\n\t\t<\/div>\n\t\t\t\t\t\t\t\t<\/div>\n\t\t\t\t\t<\/div>\n\t\t<\/section>\n\t\t\t\t<section class=\"elementor-section elementor-top-section elementor-element elementor-element-3a9dbadd elementor-hidden-desktop elementor-hidden-tablet elementor-section-boxed elementor-section-height-default elementor-section-height-default\" data-id=\"3a9dbadd\" data-element_type=\"section\" data-settings=\"{&quot;background_background&quot;:&quot;classic&quot;}\">\n\t\t\t\t\t\t<div class=\"elementor-container elementor-column-gap-default\">\n\t\t\t\t\t\t\t<div class=\"elementor-row\">\n\t\t\t\t\t<div class=\"elementor-column elementor-col-100 elementor-top-column elementor-element elementor-element-316109c8\" data-id=\"316109c8\" data-element_type=\"column\">\n\t\t\t<div class=\"elementor-column-wrap elementor-element-populated\">\n\t\t\t\t\t\t\t<div class=\"elementor-widget-wrap\">\n\t\t\t\t\t\t<div class=\"elementor-element elementor-element-4fda455 elementor-widget elementor-widget-spacer\" data-id=\"4fda455\" data-element_type=\"widget\" data-settings=\"{&quot;ekit_we_effect_on&quot;:&quot;none&quot;}\" data-widget_type=\"spacer.default\">\n\t\t\t\t<div class=\"elementor-widget-container\">\n\t\t\t\t\t<div class=\"elementor-spacer\">\n\t\t\t<div class=\"elementor-spacer-inner\"><\/div>\n\t\t<\/div>\n\t\t\t\t<\/div>\n\t\t\t\t<\/div>\n\t\t\t\t\t\t<\/div>\n\t\t\t\t\t<\/div>\n\t\t<\/div>\n\t\t\t\t\t\t\t\t<\/div>\n\t\t\t\t\t<\/div>\n\t\t<\/section>\n\t\t\t\t\t\t<\/div>\n\t\t\t\t\t\t<\/div>\n\t\t\t\t\t<\/div>\n\t\t","protected":false},"excerpt":{"rendered":"<p>Sporcu Men\u00fcs\u00fc Herk\u00fcl Omlet \u20ba 25.00 4 Yumurta Ak\u0131, 1 Yumurta Sar\u0131s\u0131, Beyaz Peynir, Maydanoz&nbsp;&nbsp;&nbsp;&nbsp;&nbsp; Herk\u00fcl Tost \u20ba 27.00 Tam Tah\u0131ll\u0131 Ekmek, Beyaz Peynir, Domates, Mevsim Ye\u015fillikleri Aminocu Tavuk \u20ba 43.00 200 gr. Tavuk G\u00f6\u011f\u00fcs Izgara, Pirin\u00e7 Pilav\u0131, ve Mevsim Sebzeleri Aminocu Et \u20ba 60.00 200 gr. Izgarada Dana Bonfile, Pirin\u00e7 Pilav\u0131 ve Mevsim Sebzeleri [&hellip;]<\/p>\n","protected":false},"author":1,"featured_media":0,"parent":0,"menu_order":0,"comment_status":"closed","ping_status":"closed","template":"elementor_canvas","meta":[],"_links":{"self":[{"href":"http:\/\/menuden.net\/wooxloungemenu\/wp-json\/wp\/v2\/pages\/1860"}],"collection":[{"href":"http:\/\/menuden.net\/wooxloungemenu\/wp-json\/wp\/v2\/pages"}],"about":[{"href":"http:\/\/menuden.net\/wooxloungemenu\/wp-json\/wp\/v2\/types\/page"}],"author":[{"embeddable":true,"href":"http:\/\/menuden.net\/wooxloungemenu\/wp-json\/wp\/v2\/users\/1"}],"replies":[{"embeddable":true,"href":"http:\/\/menuden.net\/wooxloungemenu\/wp-json\/wp\/v2\/comments?post=1860"}],"version-history":[{"count":82,"href":"http:\/\/menuden.net\/wooxloungemenu\/wp-json\/wp\/v2\/pages\/1860\/revisions"}],"predecessor-version":[{"id":2469,"href":"http:\/\/menuden.net\/wooxloungemenu\/wp-json\/wp\/v2\/pages\/1860\/revisions\/2469"}],"wp:attachment":[{"href":"http:\/\/menuden.net\/wooxloungemenu\/wp-json\/wp\/v2\/media?parent=1860"}],"curies":[{"name":"wp","href":"https:\/\/api.w.org\/{rel}","templated":true}]}}