{"id":2056,"date":"2021-10-31T20:31:11","date_gmt":"2021-10-31T17:31:11","guid":{"rendered":"http:\/\/menuden.net\/wooxloungemenu\/?page_id=2056"},"modified":"2021-11-29T16:32:01","modified_gmt":"2021-11-29T13:32:01","slug":"wrapler","status":"publish","type":"page","link":"http:\/\/menuden.net\/wooxloungemenu\/wrapler\/","title":{"rendered":"Wrapler"},"content":{"rendered":"\t\t<div data-elementor-type=\"wp-page\" data-elementor-id=\"2056\" class=\"elementor elementor-2056\" data-elementor-settings=\"[]\">\n\t\t\t\t\t\t<div class=\"elementor-inner\">\n\t\t\t\t\t\t\t<div class=\"elementor-section-wrap\">\n\t\t\t\t\t\t\t<section class=\"elementor-section elementor-top-section elementor-element elementor-element-690a355a elementor-hidden-desktop elementor-hidden-tablet elementor-section-full_width elementor-section-content-middle elementor-section-height-default elementor-section-height-default\" data-id=\"690a355a\" data-element_type=\"section\" data-settings=\"{&quot;background_background&quot;:&quot;classic&quot;}\">\n\t\t\t\t\t\t\t<div class=\"elementor-background-overlay\"><\/div>\n\t\t\t\t\t\t\t<div class=\"elementor-container elementor-column-gap-no\">\n\t\t\t\t\t\t\t<div class=\"elementor-row\">\n\t\t\t\t\t<div class=\"elementor-column elementor-col-50 elementor-top-column elementor-element elementor-element-3c5a9a57\" data-id=\"3c5a9a57\" data-element_type=\"column\">\n\t\t\t<div class=\"elementor-column-wrap elementor-element-populated\">\n\t\t\t\t\t\t\t<div class=\"elementor-widget-wrap\">\n\t\t\t\t\t\t<div class=\"elementor-element elementor-element-15906db9 elementor-widget elementor-widget-image\" data-id=\"15906db9\" data-element_type=\"widget\" data-settings=\"{&quot;ekit_we_effect_on&quot;:&quot;none&quot;}\" data-widget_type=\"image.default\">\n\t\t\t\t<div class=\"elementor-widget-container\">\n\t\t\t\t\t\t\t\t<div class=\"elementor-image\">\n\t\t\t\t\t\t\t\t\t\t\t\t\t<a href=\"http:\/\/menuden.net\/wooxloungemenu\/menu1\/\">\n\t\t\t\t\t\t\t<img decoding=\"async\" width=\"580\" height=\"75\" src=\"http:\/\/menuden.net\/wooxloungemenu\/wp-content\/uploads\/2021\/10\/woox_log.png\" class=\"attachment-large size-large\" alt=\"\" loading=\"lazy\" srcset=\"http:\/\/menuden.net\/wooxloungemenu\/wp-content\/uploads\/2021\/10\/woox_log.png 580w, http:\/\/menuden.net\/wooxloungemenu\/wp-content\/uploads\/2021\/10\/woox_log-300x39.png 300w\" sizes=\"(max-width: 580px) 100vw, 580px\" \/>\t\t\t\t\t\t\t\t<\/a>\n\t\t\t\t\t\t\t\t\t\t\t\t\t\t<\/div>\n\t\t\t\t\t\t<\/div>\n\t\t\t\t<\/div>\n\t\t\t\t\t\t<\/div>\n\t\t\t\t\t<\/div>\n\t\t<\/div>\n\t\t\t\t<div class=\"elementor-column elementor-col-50 elementor-top-column elementor-element elementor-element-14c029b1\" data-id=\"14c029b1\" data-element_type=\"column\">\n\t\t\t<div class=\"elementor-column-wrap elementor-element-populated\">\n\t\t\t\t\t\t\t<div class=\"elementor-widget-wrap\">\n\t\t\t\t\t\t<div class=\"elementor-element elementor-element-55a54ac5 elementor-widget elementor-widget-image\" data-id=\"55a54ac5\" data-element_type=\"widget\" data-settings=\"{&quot;ekit_we_effect_on&quot;:&quot;none&quot;}\" data-widget_type=\"image.default\">\n\t\t\t\t<div class=\"elementor-widget-container\">\n\t\t\t\t\t\t\t\t<div class=\"elementor-image\">\n\t\t\t\t\t\t\t\t\t\t\t\t\t<a href=\"http:\/\/menuden.net\/wooxloungemenu\/yiyecekler\/\">\n\t\t\t\t\t\t\t<img decoding=\"async\" width=\"496\" height=\"321\" src=\"http:\/\/menuden.net\/wooxloungemenu\/wp-content\/uploads\/2021\/10\/woo_geri.png\" class=\"attachment-large size-large\" alt=\"\" loading=\"lazy\" srcset=\"http:\/\/menuden.net\/wooxloungemenu\/wp-content\/uploads\/2021\/10\/woo_geri.png 496w, http:\/\/menuden.net\/wooxloungemenu\/wp-content\/uploads\/2021\/10\/woo_geri-300x194.png 300w\" sizes=\"(max-width: 496px) 100vw, 496px\" \/>\t\t\t\t\t\t\t\t<\/a>\n\t\t\t\t\t\t\t\t\t\t\t\t\t\t<\/div>\n\t\t\t\t\t\t<\/div>\n\t\t\t\t<\/div>\n\t\t\t\t\t\t<\/div>\n\t\t\t\t\t<\/div>\n\t\t<\/div>\n\t\t\t\t\t\t\t\t<\/div>\n\t\t\t\t\t<\/div>\n\t\t<\/section>\n\t\t\t\t<section class=\"elementor-section elementor-top-section elementor-element elementor-element-7e796270 elementor-hidden-desktop elementor-hidden-tablet elementor-section-boxed elementor-section-height-default elementor-section-height-default\" data-id=\"7e796270\" data-element_type=\"section\" data-settings=\"{&quot;background_background&quot;:&quot;classic&quot;}\">\n\t\t\t\t\t\t<div class=\"elementor-container elementor-column-gap-default\">\n\t\t\t\t\t\t\t<div class=\"elementor-row\">\n\t\t\t\t\t<div class=\"elementor-column elementor-col-100 elementor-top-column elementor-element elementor-element-380e25b4\" data-id=\"380e25b4\" data-element_type=\"column\">\n\t\t\t<div class=\"elementor-column-wrap elementor-element-populated\">\n\t\t\t\t\t\t\t<div class=\"elementor-widget-wrap\">\n\t\t\t\t\t\t<div class=\"elementor-element elementor-element-63fecc1b elementor-widget-divider--view-line elementor-widget elementor-widget-divider\" data-id=\"63fecc1b\" data-element_type=\"widget\" data-settings=\"{&quot;ekit_we_effect_on&quot;:&quot;none&quot;}\" data-widget_type=\"divider.default\">\n\t\t\t\t<div class=\"elementor-widget-container\">\n\t\t\t\t\t<div class=\"elementor-divider\">\n\t\t\t<span class=\"elementor-divider-separator\">\n\t\t\t\t\t\t<\/span>\n\t\t<\/div>\n\t\t\t\t<\/div>\n\t\t\t\t<\/div>\n\t\t\t\t<div class=\"elementor-element elementor-element-44225f0a elementor-widget elementor-widget-heading\" data-id=\"44225f0a\" data-element_type=\"widget\" data-settings=\"{&quot;_animation_mobile&quot;:&quot;slideInLeft&quot;,&quot;ekit_we_effect_on&quot;:&quot;none&quot;}\" data-widget_type=\"heading.default\">\n\t\t\t\t<div class=\"elementor-widget-container\">\n\t\t\t<h2 class=\"elementor-heading-title elementor-size-default\"><b>Wrapler<\/b><\/h2>\t\t<\/div>\n\t\t\t\t<\/div>\n\t\t\t\t<div class=\"elementor-element elementor-element-62b4f165 elementor-widget-divider--view-line elementor-widget elementor-widget-divider\" data-id=\"62b4f165\" data-element_type=\"widget\" data-settings=\"{&quot;ekit_we_effect_on&quot;:&quot;none&quot;}\" data-widget_type=\"divider.default\">\n\t\t\t\t<div class=\"elementor-widget-container\">\n\t\t\t\t\t<div class=\"elementor-divider\">\n\t\t\t<span class=\"elementor-divider-separator\">\n\t\t\t\t\t\t<\/span>\n\t\t<\/div>\n\t\t\t\t<\/div>\n\t\t\t\t<\/div>\n\t\t\t\t\t\t<\/div>\n\t\t\t\t\t<\/div>\n\t\t<\/div>\n\t\t\t\t\t\t\t\t<\/div>\n\t\t\t\t\t<\/div>\n\t\t<\/section>\n\t\t\t\t<section class=\"elementor-section elementor-top-section elementor-element elementor-element-1ff5be8 elementor-hidden-desktop elementor-hidden-tablet elementor-section-boxed elementor-section-height-default elementor-section-height-default\" data-id=\"1ff5be8\" data-element_type=\"section\" data-settings=\"{&quot;animation_mobile&quot;:&quot;fadeInRight&quot;}\">\n\t\t\t\t\t\t<div class=\"elementor-container elementor-column-gap-no\">\n\t\t\t\t\t\t\t<div class=\"elementor-row\">\n\t\t\t\t\t<div class=\"elementor-column elementor-col-100 elementor-top-column elementor-element elementor-element-3139d594\" data-id=\"3139d594\" data-element_type=\"column\">\n\t\t\t<div class=\"elementor-column-wrap elementor-element-populated\">\n\t\t\t\t\t\t\t<div class=\"elementor-widget-wrap\">\n\t\t\t\t\t\t<div class=\"elementor-element elementor-element-448914cb elementor-widget elementor-widget-gloreya-food-list\" data-id=\"448914cb\" data-element_type=\"widget\" data-settings=\"{&quot;ekit_we_effect_on&quot;:&quot;none&quot;}\" data-widget_type=\"gloreya-food-list.default\">\n\t\t\t\t<div class=\"elementor-widget-container\">\n\t\t\t                    <div class=\"menu-list-item\"> \n                                 <div class=\"menu-block media\"> \n                     <div class=\"post-thumb\">\n                                                       <img decoding=\"async\" src=\"\/\/menuden.net\/wooxloungemenu\/wp-content\/uploads\/2022\/12\/cmi.jpg\" class=\"img-fluid\" alt=' Chimichanga ' \/>\n                                                <\/div>\n                     <div class=\"inner-box\"> \n                                                   <span class=\"menu-tag\">\n                              YEN\u0130                           <\/span>\n                                                <div class=\"info clearfix\">\n                              <h3 class=\"post-title pull-left\">\n                                 Chimichanga                              <\/h3> \n                              <h3 class=\"price pull-right\"><i>\u20ba <\/i> 420<\/h3>\n\n                        <\/div>\n                        <div class=\"text\"> \n                           120 g Tavuk G\u00f6\u011f\u00fcs, So\u011fan, Cheddar Peyniri, Biber\r\nTortilla Ekme\u011fi Parmak Patates ile                        <\/div>\n                     <\/div>\n                  <\/div>\n                                                   <div class=\"menu-block media\"> \n                     <div class=\"post-thumb\">\n                                                       <img decoding=\"async\" src=\"\/\/menuden.net\/wooxloungemenu\/wp-content\/uploads\/2022\/12\/wrap.jpg\" class=\"img-fluid\" alt=' Kavurmal\u0131 Ka\u015farl\u0131 Wrap ' \/>\n                                                <\/div>\n                     <div class=\"inner-box\"> \n                                                   <span class=\"menu-tag\">\n                              YEN\u0130                           <\/span>\n                                                <div class=\"info clearfix\">\n                              <h3 class=\"post-title pull-left\">\n                                 Kavurmal\u0131 Ka\u015farl\u0131 Wrap                              <\/h3> \n                              <h3 class=\"price pull-right\"><i>\u20ba <\/i> 420<\/h3>\n\n                        <\/div>\n                        <div class=\"text\"> \n                           150 g kavurma, 2 Renkli Biber, Mozarella, Napoliten Sos,\r\nTortilla Ekme\u011fi Parmak Patates ile                        <\/div>\n                     <\/div>\n                  <\/div>\n                                                   <div class=\"menu-block media\"> \n                     <div class=\"post-thumb\">\n                                                       <img decoding=\"async\" src=\"\/\/menuden.net\/wooxloungemenu\/wp-content\/uploads\/2022\/12\/wrap.jpg\" class=\"img-fluid\" alt=' Tavuklu Wrap ' \/>\n                                                <\/div>\n                     <div class=\"inner-box\"> \n                                                <div class=\"info clearfix\">\n                              <h3 class=\"post-title pull-left\">\n                                 Tavuklu Wrap                              <\/h3> \n                              <h3 class=\"price pull-right\"><i>\u20ba <\/i> 400<\/h3>\n\n                        <\/div>\n                        <div class=\"text\"> \n                           120 g Tavuk G\u00f6\u011f\u00fcs, 3 Renkli Biber, Mantar, Mozarella, Napoliten Sos,Tortilla Ekme\u011fi Parmak Patates ile                        <\/div>\n                     <\/div>\n                  <\/div>\n                                                   <div class=\"menu-block media\"> \n                     <div class=\"post-thumb\">\n                                                       <img decoding=\"async\" src=\"\/\/menuden.net\/wooxloungemenu\/wp-content\/uploads\/2022\/12\/wrap.jpg\" class=\"img-fluid\" alt=' Bonfileli Wrap ' \/>\n                                                <\/div>\n                     <div class=\"inner-box\"> \n                                                <div class=\"info clearfix\">\n                              <h3 class=\"post-title pull-left\">\n                                 Bonfileli Wrap                              <\/h3> \n                              <h3 class=\"price pull-right\"><i>\u20ba <\/i> 490<\/h3>\n\n                        <\/div>\n                        <div class=\"text\"> \n                           120 g Bonfile, 3 Renkli Biber, Mantar, Mozarella, Napoliten Sos,\r\nTortilla Ekme\u011fi Parmak Patates ile                        <\/div>\n                     <\/div>\n                  <\/div>\n                                                   <div class=\"menu-block media\"> \n                     <div class=\"post-thumb\">\n                                                       <img decoding=\"async\" src=\"\/\/menuden.net\/wooxloungemenu\/wp-content\/uploads\/2022\/12\/wrap.jpg\" class=\"img-fluid\" alt=' Combo Wrap ' \/>\n                                                <\/div>\n                     <div class=\"inner-box\"> \n                                                <div class=\"info clearfix\">\n                              <h3 class=\"post-title pull-left\">\n                                 Combo Wrap                              <\/h3> \n                              <h3 class=\"price pull-right\"><i>\u20ba <\/i> 450<\/h3>\n\n                        <\/div>\n                        <div class=\"text\"> \n                           50 g Dana Bonfile, 50 g Tavuk Bonfile, 3 Renkli Biber, Mantar, Mozarella, Napoliten Sos,Tortilla Ekme\u011fi Parmak Patates ile                        <\/div>\n                     <\/div>\n                  <\/div>\n                                             <\/div>\n                   \t\t<\/div>\n\t\t\t\t<\/div>\n\t\t\t\t\t\t<\/div>\n\t\t\t\t\t<\/div>\n\t\t<\/div>\n\t\t\t\t\t\t\t\t<\/div>\n\t\t\t\t\t<\/div>\n\t\t<\/section>\n\t\t\t\t<section class=\"elementor-section elementor-top-section elementor-element elementor-element-39d838bf elementor-hidden-mobile elementor-section-boxed elementor-section-height-default elementor-section-height-default\" data-id=\"39d838bf\" data-element_type=\"section\" data-settings=\"{&quot;background_background&quot;:&quot;classic&quot;}\">\n\t\t\t\t\t\t<div class=\"elementor-container elementor-column-gap-default\">\n\t\t\t\t\t\t\t<div class=\"elementor-row\">\n\t\t\t\t\t<div class=\"elementor-column elementor-col-100 elementor-top-column elementor-element elementor-element-713cc0d4\" data-id=\"713cc0d4\" data-element_type=\"column\">\n\t\t\t<div class=\"elementor-column-wrap elementor-element-populated\">\n\t\t\t\t\t\t\t<div class=\"elementor-widget-wrap\">\n\t\t\t\t\t\t<div class=\"elementor-element elementor-element-651be29a elementor-widget elementor-widget-image\" data-id=\"651be29a\" data-element_type=\"widget\" data-settings=\"{&quot;ekit_we_effect_on&quot;:&quot;none&quot;}\" data-widget_type=\"image.default\">\n\t\t\t\t<div class=\"elementor-widget-container\">\n\t\t\t\t\t\t\t\t<div class=\"elementor-image\">\n\t\t\t\t\t\t\t\t\t\t\t\t<img decoding=\"async\" width=\"383\" height=\"132\" src=\"http:\/\/menuden.net\/wooxloungemenu\/wp-content\/uploads\/2021\/10\/WO.png\" class=\"attachment-medium_large size-medium_large\" alt=\"\" loading=\"lazy\" srcset=\"http:\/\/menuden.net\/wooxloungemenu\/wp-content\/uploads\/2021\/10\/WO.png 383w, http:\/\/menuden.net\/wooxloungemenu\/wp-content\/uploads\/2021\/10\/WO-300x103.png 300w\" sizes=\"(max-width: 383px) 100vw, 383px\" \/>\t\t\t\t\t\t\t\t\t\t\t\t\t\t<\/div>\n\t\t\t\t\t\t<\/div>\n\t\t\t\t<\/div>\n\t\t\t\t<div class=\"elementor-element elementor-element-1d55a1c1 elementor-widget-divider--view-line elementor-widget elementor-widget-divider\" data-id=\"1d55a1c1\" data-element_type=\"widget\" data-settings=\"{&quot;ekit_we_effect_on&quot;:&quot;none&quot;}\" data-widget_type=\"divider.default\">\n\t\t\t\t<div class=\"elementor-widget-container\">\n\t\t\t\t\t<div class=\"elementor-divider\">\n\t\t\t<span class=\"elementor-divider-separator\">\n\t\t\t\t\t\t<\/span>\n\t\t<\/div>\n\t\t\t\t<\/div>\n\t\t\t\t<\/div>\n\t\t\t\t\t\t<\/div>\n\t\t\t\t\t<\/div>\n\t\t<\/div>\n\t\t\t\t\t\t\t\t<\/div>\n\t\t\t\t\t<\/div>\n\t\t<\/section>\n\t\t\t\t<section class=\"elementor-section elementor-top-section elementor-element elementor-element-6e0ad32 elementor-hidden-desktop elementor-hidden-tablet elementor-section-boxed elementor-section-height-default elementor-section-height-default\" data-id=\"6e0ad32\" data-element_type=\"section\" data-settings=\"{&quot;background_background&quot;:&quot;classic&quot;}\">\n\t\t\t\t\t\t<div class=\"elementor-container elementor-column-gap-default\">\n\t\t\t\t\t\t\t<div class=\"elementor-row\">\n\t\t\t\t\t<div class=\"elementor-column elementor-col-100 elementor-top-column elementor-element elementor-element-507587cb\" data-id=\"507587cb\" data-element_type=\"column\">\n\t\t\t<div class=\"elementor-column-wrap elementor-element-populated\">\n\t\t\t\t\t\t\t<div class=\"elementor-widget-wrap\">\n\t\t\t\t\t\t<div class=\"elementor-element elementor-element-1d4e456c elementor-widget elementor-widget-spacer\" data-id=\"1d4e456c\" data-element_type=\"widget\" data-settings=\"{&quot;ekit_we_effect_on&quot;:&quot;none&quot;}\" data-widget_type=\"spacer.default\">\n\t\t\t\t<div class=\"elementor-widget-container\">\n\t\t\t\t\t<div class=\"elementor-spacer\">\n\t\t\t<div class=\"elementor-spacer-inner\"><\/div>\n\t\t<\/div>\n\t\t\t\t<\/div>\n\t\t\t\t<\/div>\n\t\t\t\t\t\t<\/div>\n\t\t\t\t\t<\/div>\n\t\t<\/div>\n\t\t\t\t\t\t\t\t<\/div>\n\t\t\t\t\t<\/div>\n\t\t<\/section>\n\t\t\t\t\t\t<\/div>\n\t\t\t\t\t\t<\/div>\n\t\t\t\t\t<\/div>\n\t\t","protected":false},"excerpt":{"rendered":"<p>Wrapler YEN\u0130 Chimichanga \u20ba 37.50 120 g Tavuk G\u00f6\u011f\u00fcs, So\u011fan, Cheddar Peyniri, Biber Tortilla Ekme\u011fi Parmak Patates ile Tavuklu Wrap \u20ba 34.50 120 g Tavuk G\u00f6\u011f\u00fcs, 3 Renkli Biber, Mantar, Mozarella, Napoliten Sos,Tortilla Ekme\u011fi Parmak Patates ile Bonfileli Wrap \u20ba 39.50 120 g Bonfile, 3 Renkli Biber, Mantar, Mozarella, Napoliten Sos, Tortilla Ekme\u011fi Parmak Patates [&hellip;]<\/p>\n","protected":false},"author":1,"featured_media":0,"parent":0,"menu_order":0,"comment_status":"closed","ping_status":"closed","template":"elementor_canvas","meta":[],"_links":{"self":[{"href":"http:\/\/menuden.net\/wooxloungemenu\/wp-json\/wp\/v2\/pages\/2056"}],"collection":[{"href":"http:\/\/menuden.net\/wooxloungemenu\/wp-json\/wp\/v2\/pages"}],"about":[{"href":"http:\/\/menuden.net\/wooxloungemenu\/wp-json\/wp\/v2\/types\/page"}],"author":[{"embeddable":true,"href":"http:\/\/menuden.net\/wooxloungemenu\/wp-json\/wp\/v2\/users\/1"}],"replies":[{"embeddable":true,"href":"http:\/\/menuden.net\/wooxloungemenu\/wp-json\/wp\/v2\/comments?post=2056"}],"version-history":[{"count":9,"href":"http:\/\/menuden.net\/wooxloungemenu\/wp-json\/wp\/v2\/pages\/2056\/revisions"}],"predecessor-version":[{"id":2546,"href":"http:\/\/menuden.net\/wooxloungemenu\/wp-json\/wp\/v2\/pages\/2056\/revisions\/2546"}],"wp:attachment":[{"href":"http:\/\/menuden.net\/wooxloungemenu\/wp-json\/wp\/v2\/media?parent=2056"}],"curies":[{"name":"wp","href":"https:\/\/api.w.org\/{rel}","templated":true}]}}