{"id":2057,"date":"2021-10-31T20:31:48","date_gmt":"2021-10-31T17:31:48","guid":{"rendered":"http:\/\/menuden.net\/wooxloungemenu\/?page_id=2057"},"modified":"2021-11-29T16:32:08","modified_gmt":"2021-11-29T13:32:08","slug":"krepler","status":"publish","type":"page","link":"http:\/\/menuden.net\/wooxloungemenu\/krepler\/","title":{"rendered":"Krepler"},"content":{"rendered":"\t\t<div data-elementor-type=\"wp-page\" data-elementor-id=\"2057\" class=\"elementor elementor-2057\" data-elementor-settings=\"[]\">\n\t\t\t\t\t\t<div class=\"elementor-inner\">\n\t\t\t\t\t\t\t<div class=\"elementor-section-wrap\">\n\t\t\t\t\t\t\t<section class=\"elementor-section elementor-top-section elementor-element elementor-element-6962a643 elementor-hidden-desktop elementor-hidden-tablet elementor-section-full_width elementor-section-content-middle elementor-section-height-default elementor-section-height-default\" data-id=\"6962a643\" data-element_type=\"section\" data-settings=\"{&quot;background_background&quot;:&quot;classic&quot;}\">\n\t\t\t\t\t\t\t<div class=\"elementor-background-overlay\"><\/div>\n\t\t\t\t\t\t\t<div class=\"elementor-container elementor-column-gap-no\">\n\t\t\t\t\t\t\t<div class=\"elementor-row\">\n\t\t\t\t\t<div class=\"elementor-column elementor-col-50 elementor-top-column elementor-element elementor-element-7284b223\" data-id=\"7284b223\" data-element_type=\"column\">\n\t\t\t<div class=\"elementor-column-wrap elementor-element-populated\">\n\t\t\t\t\t\t\t<div class=\"elementor-widget-wrap\">\n\t\t\t\t\t\t<div class=\"elementor-element elementor-element-240e4b01 elementor-widget elementor-widget-image\" data-id=\"240e4b01\" data-element_type=\"widget\" data-settings=\"{&quot;ekit_we_effect_on&quot;:&quot;none&quot;}\" data-widget_type=\"image.default\">\n\t\t\t\t<div class=\"elementor-widget-container\">\n\t\t\t\t\t\t\t\t<div class=\"elementor-image\">\n\t\t\t\t\t\t\t\t\t\t\t\t\t<a href=\"http:\/\/menuden.net\/wooxloungemenu\/menu1\/\">\n\t\t\t\t\t\t\t<img decoding=\"async\" width=\"580\" height=\"75\" src=\"http:\/\/menuden.net\/wooxloungemenu\/wp-content\/uploads\/2021\/10\/woox_log.png\" class=\"attachment-large size-large\" alt=\"\" loading=\"lazy\" srcset=\"http:\/\/menuden.net\/wooxloungemenu\/wp-content\/uploads\/2021\/10\/woox_log.png 580w, http:\/\/menuden.net\/wooxloungemenu\/wp-content\/uploads\/2021\/10\/woox_log-300x39.png 300w\" sizes=\"(max-width: 580px) 100vw, 580px\" \/>\t\t\t\t\t\t\t\t<\/a>\n\t\t\t\t\t\t\t\t\t\t\t\t\t\t<\/div>\n\t\t\t\t\t\t<\/div>\n\t\t\t\t<\/div>\n\t\t\t\t\t\t<\/div>\n\t\t\t\t\t<\/div>\n\t\t<\/div>\n\t\t\t\t<div class=\"elementor-column elementor-col-50 elementor-top-column elementor-element elementor-element-521a9d91\" data-id=\"521a9d91\" data-element_type=\"column\">\n\t\t\t<div class=\"elementor-column-wrap elementor-element-populated\">\n\t\t\t\t\t\t\t<div class=\"elementor-widget-wrap\">\n\t\t\t\t\t\t<div class=\"elementor-element elementor-element-4892b0f1 elementor-widget elementor-widget-image\" data-id=\"4892b0f1\" data-element_type=\"widget\" data-settings=\"{&quot;ekit_we_effect_on&quot;:&quot;none&quot;}\" data-widget_type=\"image.default\">\n\t\t\t\t<div class=\"elementor-widget-container\">\n\t\t\t\t\t\t\t\t<div class=\"elementor-image\">\n\t\t\t\t\t\t\t\t\t\t\t\t\t<a href=\"http:\/\/menuden.net\/wooxloungemenu\/yiyecekler\/\">\n\t\t\t\t\t\t\t<img decoding=\"async\" width=\"496\" height=\"321\" src=\"http:\/\/menuden.net\/wooxloungemenu\/wp-content\/uploads\/2021\/10\/woo_geri.png\" class=\"attachment-large size-large\" alt=\"\" loading=\"lazy\" srcset=\"http:\/\/menuden.net\/wooxloungemenu\/wp-content\/uploads\/2021\/10\/woo_geri.png 496w, http:\/\/menuden.net\/wooxloungemenu\/wp-content\/uploads\/2021\/10\/woo_geri-300x194.png 300w\" sizes=\"(max-width: 496px) 100vw, 496px\" \/>\t\t\t\t\t\t\t\t<\/a>\n\t\t\t\t\t\t\t\t\t\t\t\t\t\t<\/div>\n\t\t\t\t\t\t<\/div>\n\t\t\t\t<\/div>\n\t\t\t\t\t\t<\/div>\n\t\t\t\t\t<\/div>\n\t\t<\/div>\n\t\t\t\t\t\t\t\t<\/div>\n\t\t\t\t\t<\/div>\n\t\t<\/section>\n\t\t\t\t<section class=\"elementor-section elementor-top-section elementor-element elementor-element-791ba8ef elementor-hidden-desktop elementor-hidden-tablet elementor-section-boxed elementor-section-height-default elementor-section-height-default\" data-id=\"791ba8ef\" data-element_type=\"section\" data-settings=\"{&quot;background_background&quot;:&quot;classic&quot;}\">\n\t\t\t\t\t\t<div class=\"elementor-container elementor-column-gap-default\">\n\t\t\t\t\t\t\t<div class=\"elementor-row\">\n\t\t\t\t\t<div class=\"elementor-column elementor-col-100 elementor-top-column elementor-element elementor-element-461241c3\" data-id=\"461241c3\" data-element_type=\"column\">\n\t\t\t<div class=\"elementor-column-wrap elementor-element-populated\">\n\t\t\t\t\t\t\t<div class=\"elementor-widget-wrap\">\n\t\t\t\t\t\t<div class=\"elementor-element elementor-element-5ec87c69 elementor-widget-divider--view-line elementor-widget elementor-widget-divider\" data-id=\"5ec87c69\" data-element_type=\"widget\" data-settings=\"{&quot;ekit_we_effect_on&quot;:&quot;none&quot;}\" data-widget_type=\"divider.default\">\n\t\t\t\t<div class=\"elementor-widget-container\">\n\t\t\t\t\t<div class=\"elementor-divider\">\n\t\t\t<span class=\"elementor-divider-separator\">\n\t\t\t\t\t\t<\/span>\n\t\t<\/div>\n\t\t\t\t<\/div>\n\t\t\t\t<\/div>\n\t\t\t\t<div class=\"elementor-element elementor-element-76cd0788 elementor-widget elementor-widget-heading\" data-id=\"76cd0788\" data-element_type=\"widget\" data-settings=\"{&quot;_animation_mobile&quot;:&quot;slideInLeft&quot;,&quot;ekit_we_effect_on&quot;:&quot;none&quot;}\" data-widget_type=\"heading.default\">\n\t\t\t\t<div class=\"elementor-widget-container\">\n\t\t\t<h2 class=\"elementor-heading-title elementor-size-default\"><b>Krepler<\/b><\/h2>\t\t<\/div>\n\t\t\t\t<\/div>\n\t\t\t\t<div class=\"elementor-element elementor-element-589a6252 elementor-widget-divider--view-line elementor-widget elementor-widget-divider\" data-id=\"589a6252\" data-element_type=\"widget\" data-settings=\"{&quot;ekit_we_effect_on&quot;:&quot;none&quot;}\" data-widget_type=\"divider.default\">\n\t\t\t\t<div class=\"elementor-widget-container\">\n\t\t\t\t\t<div class=\"elementor-divider\">\n\t\t\t<span class=\"elementor-divider-separator\">\n\t\t\t\t\t\t<\/span>\n\t\t<\/div>\n\t\t\t\t<\/div>\n\t\t\t\t<\/div>\n\t\t\t\t\t\t<\/div>\n\t\t\t\t\t<\/div>\n\t\t<\/div>\n\t\t\t\t\t\t\t\t<\/div>\n\t\t\t\t\t<\/div>\n\t\t<\/section>\n\t\t\t\t<section class=\"elementor-section elementor-top-section elementor-element elementor-element-33504a64 elementor-hidden-desktop elementor-hidden-tablet elementor-section-boxed elementor-section-height-default elementor-section-height-default\" data-id=\"33504a64\" data-element_type=\"section\" data-settings=\"{&quot;animation_mobile&quot;:&quot;fadeInRight&quot;}\">\n\t\t\t\t\t\t<div class=\"elementor-container elementor-column-gap-no\">\n\t\t\t\t\t\t\t<div class=\"elementor-row\">\n\t\t\t\t\t<div class=\"elementor-column elementor-col-100 elementor-top-column elementor-element elementor-element-9f7a6dc\" data-id=\"9f7a6dc\" data-element_type=\"column\">\n\t\t\t<div class=\"elementor-column-wrap elementor-element-populated\">\n\t\t\t\t\t\t\t<div class=\"elementor-widget-wrap\">\n\t\t\t\t\t\t<div class=\"elementor-element elementor-element-13424c76 elementor-widget elementor-widget-gloreya-food-list\" data-id=\"13424c76\" data-element_type=\"widget\" data-settings=\"{&quot;ekit_we_effect_on&quot;:&quot;none&quot;}\" data-widget_type=\"gloreya-food-list.default\">\n\t\t\t\t<div class=\"elementor-widget-container\">\n\t\t\t                    <div class=\"menu-list-item\"> \n                                 <div class=\"menu-block media\"> \n                     <div class=\"post-thumb\">\n                                                       <img decoding=\"async\" src=\"\/\/menuden.net\/wooxloungemenu\/wp-content\/uploads\/2021\/11\/krep.jpg\" class=\"img-fluid\" alt=' Tavuklu Mantarl\u0131 Krep ' \/>\n                                                <\/div>\n                     <div class=\"inner-box\"> \n                                                <div class=\"info clearfix\">\n                              <h3 class=\"post-title pull-left\">\n                                 Tavuklu Mantarl\u0131 Krep                              <\/h3> \n                              <h3 class=\"price pull-right\"><i>\u20ba <\/i> 420<\/h3>\n\n                        <\/div>\n                        <div class=\"text\"> \n                           200 g Tavuk G\u00f6\u011fs\u00fc, Mantar, Krema, Akdeniz Ye\u015fillikleri, Kibrit Patates ile                        <\/div>\n                     <\/div>\n                  <\/div>\n                                                   <div class=\"menu-block media\"> \n                     <div class=\"post-thumb\">\n                                                       <img decoding=\"async\" src=\"\/\/menuden.net\/wooxloungemenu\/wp-content\/uploads\/2021\/11\/krep.jpg\" class=\"img-fluid\" alt=' Etli Krep ' \/>\n                                                <\/div>\n                     <div class=\"inner-box\"> \n                                                <div class=\"info clearfix\">\n                              <h3 class=\"post-title pull-left\">\n                                 Etli Krep                              <\/h3> \n                              <h3 class=\"price pull-right\"><i>\u20ba <\/i> 490<\/h3>\n\n                        <\/div>\n                        <div class=\"text\"> \n                           200 g Bonfile Et, Mantar, Krema, Akdeniz Ye\u015fillikleri, Kibrit Patates ile                        <\/div>\n                     <\/div>\n                  <\/div>\n                                                   <div class=\"menu-block media\"> \n                     <div class=\"post-thumb\">\n                                                       <img decoding=\"async\" src=\"\/\/menuden.net\/wooxloungemenu\/wp-content\/uploads\/2021\/11\/krep.jpg\" class=\"img-fluid\" alt=' Peynirli Jambonlu Krep ' \/>\n                                                <\/div>\n                     <div class=\"inner-box\"> \n                                                <div class=\"info clearfix\">\n                              <h3 class=\"post-title pull-left\">\n                                 Peynirli Jambonlu Krep                              <\/h3> \n                              <h3 class=\"price pull-right\"><i>\u20ba <\/i> 420<\/h3>\n\n                        <\/div>\n                        <div class=\"text\"> \n                           Jambon, Peynir, Mantar, Krema, Akdeniz Ye\u015fillikleri, Kibrit Patates ile                        <\/div>\n                     <\/div>\n                  <\/div>\n                                                   <div class=\"menu-block media\"> \n                     <div class=\"post-thumb\">\n                                                       <img decoding=\"async\" src=\"\/\/menuden.net\/wooxloungemenu\/wp-content\/uploads\/2021\/11\/krep.jpg\" class=\"img-fluid\" alt=' Sebzeli Krep ' \/>\n                                                <\/div>\n                     <div class=\"inner-box\"> \n                                                <div class=\"info clearfix\">\n                              <h3 class=\"post-title pull-left\">\n                                 Sebzeli Krep                              <\/h3> \n                              <h3 class=\"price pull-right\"><i>\u20ba <\/i> 420<\/h3>\n\n                        <\/div>\n                        <div class=\"text\"> \n                           Patl\u0131can, Biber, Zeytin, Tane M\u0131s\u0131r, Mantar, Krema, Akdeniz Ye\u015fillikleri, Kibrit Patates ile                        <\/div>\n                     <\/div>\n                  <\/div>\n                                             <\/div>\n                   \t\t<\/div>\n\t\t\t\t<\/div>\n\t\t\t\t\t\t<\/div>\n\t\t\t\t\t<\/div>\n\t\t<\/div>\n\t\t\t\t\t\t\t\t<\/div>\n\t\t\t\t\t<\/div>\n\t\t<\/section>\n\t\t\t\t<section class=\"elementor-section elementor-top-section elementor-element elementor-element-5d6a3f36 elementor-hidden-mobile elementor-section-boxed elementor-section-height-default elementor-section-height-default\" data-id=\"5d6a3f36\" data-element_type=\"section\" data-settings=\"{&quot;background_background&quot;:&quot;classic&quot;}\">\n\t\t\t\t\t\t<div class=\"elementor-container elementor-column-gap-default\">\n\t\t\t\t\t\t\t<div class=\"elementor-row\">\n\t\t\t\t\t<div class=\"elementor-column elementor-col-100 elementor-top-column elementor-element elementor-element-28dc2c1\" data-id=\"28dc2c1\" data-element_type=\"column\">\n\t\t\t<div class=\"elementor-column-wrap elementor-element-populated\">\n\t\t\t\t\t\t\t<div class=\"elementor-widget-wrap\">\n\t\t\t\t\t\t<div class=\"elementor-element elementor-element-b55cade elementor-widget elementor-widget-image\" data-id=\"b55cade\" data-element_type=\"widget\" data-settings=\"{&quot;ekit_we_effect_on&quot;:&quot;none&quot;}\" data-widget_type=\"image.default\">\n\t\t\t\t<div class=\"elementor-widget-container\">\n\t\t\t\t\t\t\t\t<div class=\"elementor-image\">\n\t\t\t\t\t\t\t\t\t\t\t\t<img decoding=\"async\" width=\"383\" height=\"132\" src=\"http:\/\/menuden.net\/wooxloungemenu\/wp-content\/uploads\/2021\/10\/WO.png\" class=\"attachment-medium_large size-medium_large\" alt=\"\" loading=\"lazy\" srcset=\"http:\/\/menuden.net\/wooxloungemenu\/wp-content\/uploads\/2021\/10\/WO.png 383w, http:\/\/menuden.net\/wooxloungemenu\/wp-content\/uploads\/2021\/10\/WO-300x103.png 300w\" sizes=\"(max-width: 383px) 100vw, 383px\" \/>\t\t\t\t\t\t\t\t\t\t\t\t\t\t<\/div>\n\t\t\t\t\t\t<\/div>\n\t\t\t\t<\/div>\n\t\t\t\t<div class=\"elementor-element elementor-element-715e4960 elementor-widget-divider--view-line elementor-widget elementor-widget-divider\" data-id=\"715e4960\" data-element_type=\"widget\" data-settings=\"{&quot;ekit_we_effect_on&quot;:&quot;none&quot;}\" data-widget_type=\"divider.default\">\n\t\t\t\t<div class=\"elementor-widget-container\">\n\t\t\t\t\t<div class=\"elementor-divider\">\n\t\t\t<span class=\"elementor-divider-separator\">\n\t\t\t\t\t\t<\/span>\n\t\t<\/div>\n\t\t\t\t<\/div>\n\t\t\t\t<\/div>\n\t\t\t\t\t\t<\/div>\n\t\t\t\t\t<\/div>\n\t\t<\/div>\n\t\t\t\t\t\t\t\t<\/div>\n\t\t\t\t\t<\/div>\n\t\t<\/section>\n\t\t\t\t<section class=\"elementor-section elementor-top-section elementor-element elementor-element-3606b44f elementor-hidden-desktop elementor-hidden-tablet elementor-section-boxed elementor-section-height-default elementor-section-height-default\" data-id=\"3606b44f\" data-element_type=\"section\" data-settings=\"{&quot;background_background&quot;:&quot;classic&quot;}\">\n\t\t\t\t\t\t<div class=\"elementor-container elementor-column-gap-default\">\n\t\t\t\t\t\t\t<div class=\"elementor-row\">\n\t\t\t\t\t<div class=\"elementor-column elementor-col-100 elementor-top-column elementor-element elementor-element-2b7d88da\" data-id=\"2b7d88da\" data-element_type=\"column\">\n\t\t\t<div class=\"elementor-column-wrap elementor-element-populated\">\n\t\t\t\t\t\t\t<div class=\"elementor-widget-wrap\">\n\t\t\t\t\t\t<div class=\"elementor-element elementor-element-48147c64 elementor-widget elementor-widget-spacer\" data-id=\"48147c64\" data-element_type=\"widget\" data-settings=\"{&quot;ekit_we_effect_on&quot;:&quot;none&quot;}\" data-widget_type=\"spacer.default\">\n\t\t\t\t<div class=\"elementor-widget-container\">\n\t\t\t\t\t<div class=\"elementor-spacer\">\n\t\t\t<div class=\"elementor-spacer-inner\"><\/div>\n\t\t<\/div>\n\t\t\t\t<\/div>\n\t\t\t\t<\/div>\n\t\t\t\t\t\t<\/div>\n\t\t\t\t\t<\/div>\n\t\t<\/div>\n\t\t\t\t\t\t\t\t<\/div>\n\t\t\t\t\t<\/div>\n\t\t<\/section>\n\t\t\t\t\t\t<\/div>\n\t\t\t\t\t\t<\/div>\n\t\t\t\t\t<\/div>\n\t\t","protected":false},"excerpt":{"rendered":"<p>Krepler Tavuklu Mantarl\u0131 Krep \u20ba 32.50 200 g Tavuk G\u00f6\u011fs\u00fc, Mantar, Krema, Akdeniz Ye\u015fillikleri, Kibrit Patates ile Etli Krep \u20ba 35.50 200 g Bonfile Et, Mantar, Krema, Akdeniz Ye\u015fillikleri, Kibrit Patates ile Peynirli Jambonlu Krep \u20ba 30.50 Jambon, Peynir, Mantar, Krema, Akdeniz Ye\u015fillikleri, Kibrit Patates ile Sebzeli Krep \u20ba 31.50 Patl\u0131can, Biber, Zeytin, Tane M\u0131s\u0131r, [&hellip;]<\/p>\n","protected":false},"author":1,"featured_media":0,"parent":0,"menu_order":0,"comment_status":"closed","ping_status":"closed","template":"elementor_canvas","meta":[],"_links":{"self":[{"href":"http:\/\/menuden.net\/wooxloungemenu\/wp-json\/wp\/v2\/pages\/2057"}],"collection":[{"href":"http:\/\/menuden.net\/wooxloungemenu\/wp-json\/wp\/v2\/pages"}],"about":[{"href":"http:\/\/menuden.net\/wooxloungemenu\/wp-json\/wp\/v2\/types\/page"}],"author":[{"embeddable":true,"href":"http:\/\/menuden.net\/wooxloungemenu\/wp-json\/wp\/v2\/users\/1"}],"replies":[{"embeddable":true,"href":"http:\/\/menuden.net\/wooxloungemenu\/wp-json\/wp\/v2\/comments?post=2057"}],"version-history":[{"count":6,"href":"http:\/\/menuden.net\/wooxloungemenu\/wp-json\/wp\/v2\/pages\/2057\/revisions"}],"predecessor-version":[{"id":2549,"href":"http:\/\/menuden.net\/wooxloungemenu\/wp-json\/wp\/v2\/pages\/2057\/revisions\/2549"}],"wp:attachment":[{"href":"http:\/\/menuden.net\/wooxloungemenu\/wp-json\/wp\/v2\/media?parent=2057"}],"curies":[{"name":"wp","href":"https:\/\/api.w.org\/{rel}","templated":true}]}}