{"id":2061,"date":"2021-10-31T20:35:29","date_gmt":"2021-10-31T17:35:29","guid":{"rendered":"http:\/\/menuden.net\/wooxloungemenu\/?page_id=2061"},"modified":"2021-11-29T16:32:41","modified_gmt":"2021-11-29T13:32:41","slug":"salatalar","status":"publish","type":"page","link":"http:\/\/menuden.net\/wooxloungemenu\/salatalar\/","title":{"rendered":"Salatalar"},"content":{"rendered":"\t\t<div data-elementor-type=\"wp-page\" data-elementor-id=\"2061\" class=\"elementor elementor-2061\" data-elementor-settings=\"[]\">\n\t\t\t\t\t\t<div class=\"elementor-inner\">\n\t\t\t\t\t\t\t<div class=\"elementor-section-wrap\">\n\t\t\t\t\t\t\t<section class=\"elementor-section elementor-top-section elementor-element elementor-element-c49f480 elementor-hidden-desktop elementor-hidden-tablet elementor-section-full_width elementor-section-content-middle elementor-section-height-default elementor-section-height-default\" data-id=\"c49f480\" data-element_type=\"section\" data-settings=\"{&quot;background_background&quot;:&quot;classic&quot;}\">\n\t\t\t\t\t\t\t<div class=\"elementor-background-overlay\"><\/div>\n\t\t\t\t\t\t\t<div class=\"elementor-container elementor-column-gap-no\">\n\t\t\t\t\t\t\t<div class=\"elementor-row\">\n\t\t\t\t\t<div class=\"elementor-column elementor-col-50 elementor-top-column elementor-element elementor-element-233ee282\" data-id=\"233ee282\" data-element_type=\"column\">\n\t\t\t<div class=\"elementor-column-wrap elementor-element-populated\">\n\t\t\t\t\t\t\t<div class=\"elementor-widget-wrap\">\n\t\t\t\t\t\t<div class=\"elementor-element elementor-element-12beb709 elementor-widget elementor-widget-image\" data-id=\"12beb709\" data-element_type=\"widget\" data-settings=\"{&quot;ekit_we_effect_on&quot;:&quot;none&quot;}\" data-widget_type=\"image.default\">\n\t\t\t\t<div class=\"elementor-widget-container\">\n\t\t\t\t\t\t\t\t<div class=\"elementor-image\">\n\t\t\t\t\t\t\t\t\t\t\t\t\t<a href=\"http:\/\/menuden.net\/wooxloungemenu\/menu1\/\">\n\t\t\t\t\t\t\t<img decoding=\"async\" width=\"580\" height=\"75\" src=\"http:\/\/menuden.net\/wooxloungemenu\/wp-content\/uploads\/2021\/10\/woox_log.png\" class=\"attachment-large size-large\" alt=\"\" loading=\"lazy\" srcset=\"http:\/\/menuden.net\/wooxloungemenu\/wp-content\/uploads\/2021\/10\/woox_log.png 580w, http:\/\/menuden.net\/wooxloungemenu\/wp-content\/uploads\/2021\/10\/woox_log-300x39.png 300w\" sizes=\"(max-width: 580px) 100vw, 580px\" \/>\t\t\t\t\t\t\t\t<\/a>\n\t\t\t\t\t\t\t\t\t\t\t\t\t\t<\/div>\n\t\t\t\t\t\t<\/div>\n\t\t\t\t<\/div>\n\t\t\t\t\t\t<\/div>\n\t\t\t\t\t<\/div>\n\t\t<\/div>\n\t\t\t\t<div class=\"elementor-column elementor-col-50 elementor-top-column elementor-element elementor-element-c9ecc12\" data-id=\"c9ecc12\" data-element_type=\"column\">\n\t\t\t<div class=\"elementor-column-wrap elementor-element-populated\">\n\t\t\t\t\t\t\t<div class=\"elementor-widget-wrap\">\n\t\t\t\t\t\t<div class=\"elementor-element elementor-element-1badcbba elementor-widget elementor-widget-image\" data-id=\"1badcbba\" data-element_type=\"widget\" data-settings=\"{&quot;ekit_we_effect_on&quot;:&quot;none&quot;}\" data-widget_type=\"image.default\">\n\t\t\t\t<div class=\"elementor-widget-container\">\n\t\t\t\t\t\t\t\t<div class=\"elementor-image\">\n\t\t\t\t\t\t\t\t\t\t\t\t\t<a href=\"http:\/\/menuden.net\/wooxloungemenu\/yiyecekler\/\">\n\t\t\t\t\t\t\t<img decoding=\"async\" width=\"496\" height=\"321\" src=\"http:\/\/menuden.net\/wooxloungemenu\/wp-content\/uploads\/2021\/10\/woo_geri.png\" class=\"attachment-large size-large\" alt=\"\" loading=\"lazy\" srcset=\"http:\/\/menuden.net\/wooxloungemenu\/wp-content\/uploads\/2021\/10\/woo_geri.png 496w, http:\/\/menuden.net\/wooxloungemenu\/wp-content\/uploads\/2021\/10\/woo_geri-300x194.png 300w\" sizes=\"(max-width: 496px) 100vw, 496px\" \/>\t\t\t\t\t\t\t\t<\/a>\n\t\t\t\t\t\t\t\t\t\t\t\t\t\t<\/div>\n\t\t\t\t\t\t<\/div>\n\t\t\t\t<\/div>\n\t\t\t\t\t\t<\/div>\n\t\t\t\t\t<\/div>\n\t\t<\/div>\n\t\t\t\t\t\t\t\t<\/div>\n\t\t\t\t\t<\/div>\n\t\t<\/section>\n\t\t\t\t<section class=\"elementor-section elementor-top-section elementor-element elementor-element-2e78bd45 elementor-hidden-desktop elementor-hidden-tablet elementor-section-boxed elementor-section-height-default elementor-section-height-default\" data-id=\"2e78bd45\" data-element_type=\"section\" data-settings=\"{&quot;background_background&quot;:&quot;classic&quot;}\">\n\t\t\t\t\t\t<div class=\"elementor-container elementor-column-gap-default\">\n\t\t\t\t\t\t\t<div class=\"elementor-row\">\n\t\t\t\t\t<div class=\"elementor-column elementor-col-100 elementor-top-column elementor-element elementor-element-43daefd8\" data-id=\"43daefd8\" data-element_type=\"column\">\n\t\t\t<div class=\"elementor-column-wrap elementor-element-populated\">\n\t\t\t\t\t\t\t<div class=\"elementor-widget-wrap\">\n\t\t\t\t\t\t<div class=\"elementor-element elementor-element-6f86cdc0 elementor-widget-divider--view-line elementor-widget elementor-widget-divider\" data-id=\"6f86cdc0\" data-element_type=\"widget\" data-settings=\"{&quot;ekit_we_effect_on&quot;:&quot;none&quot;}\" data-widget_type=\"divider.default\">\n\t\t\t\t<div class=\"elementor-widget-container\">\n\t\t\t\t\t<div class=\"elementor-divider\">\n\t\t\t<span class=\"elementor-divider-separator\">\n\t\t\t\t\t\t<\/span>\n\t\t<\/div>\n\t\t\t\t<\/div>\n\t\t\t\t<\/div>\n\t\t\t\t<div class=\"elementor-element elementor-element-75785ba0 elementor-widget elementor-widget-heading\" data-id=\"75785ba0\" data-element_type=\"widget\" data-settings=\"{&quot;_animation_mobile&quot;:&quot;slideInLeft&quot;,&quot;ekit_we_effect_on&quot;:&quot;none&quot;}\" data-widget_type=\"heading.default\">\n\t\t\t\t<div class=\"elementor-widget-container\">\n\t\t\t<h2 class=\"elementor-heading-title elementor-size-default\"><b>Salatalar<\/b><\/h2>\t\t<\/div>\n\t\t\t\t<\/div>\n\t\t\t\t<div class=\"elementor-element elementor-element-7dbd1729 elementor-widget-divider--view-line elementor-widget elementor-widget-divider\" data-id=\"7dbd1729\" data-element_type=\"widget\" data-settings=\"{&quot;ekit_we_effect_on&quot;:&quot;none&quot;}\" data-widget_type=\"divider.default\">\n\t\t\t\t<div class=\"elementor-widget-container\">\n\t\t\t\t\t<div class=\"elementor-divider\">\n\t\t\t<span class=\"elementor-divider-separator\">\n\t\t\t\t\t\t<\/span>\n\t\t<\/div>\n\t\t\t\t<\/div>\n\t\t\t\t<\/div>\n\t\t\t\t\t\t<\/div>\n\t\t\t\t\t<\/div>\n\t\t<\/div>\n\t\t\t\t\t\t\t\t<\/div>\n\t\t\t\t\t<\/div>\n\t\t<\/section>\n\t\t\t\t<section class=\"elementor-section elementor-top-section elementor-element elementor-element-5e6ec8da elementor-hidden-desktop elementor-hidden-tablet elementor-section-boxed elementor-section-height-default elementor-section-height-default\" data-id=\"5e6ec8da\" data-element_type=\"section\" data-settings=\"{&quot;animation_mobile&quot;:&quot;fadeInRight&quot;}\">\n\t\t\t\t\t\t<div class=\"elementor-container elementor-column-gap-no\">\n\t\t\t\t\t\t\t<div class=\"elementor-row\">\n\t\t\t\t\t<div class=\"elementor-column elementor-col-100 elementor-top-column elementor-element elementor-element-57278c01\" data-id=\"57278c01\" data-element_type=\"column\">\n\t\t\t<div class=\"elementor-column-wrap elementor-element-populated\">\n\t\t\t\t\t\t\t<div class=\"elementor-widget-wrap\">\n\t\t\t\t\t\t<div class=\"elementor-element elementor-element-416d4e4 elementor-widget elementor-widget-gloreya-food-list\" data-id=\"416d4e4\" data-element_type=\"widget\" data-settings=\"{&quot;ekit_we_effect_on&quot;:&quot;none&quot;}\" data-widget_type=\"gloreya-food-list.default\">\n\t\t\t\t<div class=\"elementor-widget-container\">\n\t\t\t                    <div class=\"menu-list-item\"> \n                                 <div class=\"menu-block media\"> \n                     <div class=\"post-thumb\">\n                                                       <img decoding=\"async\" src=\"\/\/menuden.net\/wooxloungemenu\/wp-content\/uploads\/2021\/11\/s1.jpg\" class=\"img-fluid\" alt=' Akdeniz Salata ' \/>\n                                                <\/div>\n                     <div class=\"inner-box\"> \n                                                <div class=\"info clearfix\">\n                              <h3 class=\"post-title pull-left\">\n                                 Akdeniz Salata                              <\/h3> \n                              <h3 class=\"price pull-right\"><i>\u20ba <\/i> 330<\/h3>\n\n                        <\/div>\n                        <div class=\"text\"> \n                           Akdeniz Ye\u015fillikleri, Domates, Salata, Beyaz Peynir ile                        <\/div>\n                     <\/div>\n                  <\/div>\n                                                   <div class=\"menu-block media\"> \n                     <div class=\"post-thumb\">\n                                                       <img decoding=\"async\" src=\"\/\/menuden.net\/wooxloungemenu\/wp-content\/uploads\/2021\/11\/s2.jpg\" class=\"img-fluid\" alt=' Sezar Salata ' \/>\n                                                <\/div>\n                     <div class=\"inner-box\"> \n                                                <div class=\"info clearfix\">\n                              <h3 class=\"post-title pull-left\">\n                                 Sezar Salata                              <\/h3> \n                              <h3 class=\"price pull-right\"><i>\u20ba <\/i> 360<\/h3>\n\n                        <\/div>\n                        <div class=\"text\"> \n                           Akdeniz Ye\u015fillikleri, Tane M\u0131s\u0131r, Kroton Ekmek, Kurutulmu\u015f Domates, Sezar Sos, Tavuk Izgara ve Parmesan                        <\/div>\n                     <\/div>\n                  <\/div>\n                                                   <div class=\"menu-block media\"> \n                     <div class=\"post-thumb\">\n                                                       <img decoding=\"async\" src=\"\/\/menuden.net\/wooxloungemenu\/wp-content\/uploads\/2021\/11\/s3.jpg\" class=\"img-fluid\" alt=' Hellim Salata ' \/>\n                                                <\/div>\n                     <div class=\"inner-box\"> \n                                                <div class=\"info clearfix\">\n                              <h3 class=\"post-title pull-left\">\n                                 Hellim Salata                              <\/h3> \n                              <h3 class=\"price pull-right\"><i>\u20ba <\/i> 340<\/h3>\n\n                        <\/div>\n                        <div class=\"text\"> \n                           Akdeniz Ye\u015fillikleri, Domates, Salatal\u0131, Hellim Izgara E\u015fli\u011finde                        <\/div>\n                     <\/div>\n                  <\/div>\n                                                   <div class=\"menu-block media\"> \n                     <div class=\"post-thumb\">\n                                                       <img decoding=\"async\" src=\"\/\/menuden.net\/wooxloungemenu\/wp-content\/uploads\/2021\/11\/s4.jpg\" class=\"img-fluid\" alt=' Ton Bal\u0131kl\u0131 Salata ' \/>\n                                                <\/div>\n                     <div class=\"inner-box\"> \n                                                <div class=\"info clearfix\">\n                              <h3 class=\"post-title pull-left\">\n                                 Ton Bal\u0131kl\u0131 Salata                              <\/h3> \n                              <h3 class=\"price pull-right\"><i>\u20ba <\/i> 360<\/h3>\n\n                        <\/div>\n                        <div class=\"text\"> \n                           Akdeniz Ye\u015fillikleri, Domates, Tur\u015fu, Taze Ka\u015far, M\u0131s\u0131r, Ton Bal\u0131\u011f\u0131 ve Soya Sos                        <\/div>\n                     <\/div>\n                  <\/div>\n                                                   <div class=\"menu-block media\"> \n                     <div class=\"post-thumb\">\n                                                       <img decoding=\"async\" src=\"\/\/menuden.net\/wooxloungemenu\/wp-content\/uploads\/2021\/11\/s5.jpg\" class=\"img-fluid\" alt=' Dana Etli Salata ' \/>\n                                                <\/div>\n                     <div class=\"inner-box\"> \n                                                <div class=\"info clearfix\">\n                              <h3 class=\"post-title pull-left\">\n                                 Dana Etli Salata                              <\/h3> \n                              <h3 class=\"price pull-right\"><i>\u20ba <\/i> 400<\/h3>\n\n                        <\/div>\n                        <div class=\"text\"> \n                           Akdeniz Ye\u015filli\u011fi Biftek, Mantar, ve Taze M\u0131s\u0131r\r\n&nbsp;&nbsp;&nbsp;&nbsp;&nbsp;&nbsp;&nbsp;&nbsp;&nbsp;&nbsp;&nbsp;&nbsp;&nbsp;&nbsp;&nbsp;&nbsp;&nbsp;&nbsp;&nbsp;&nbsp;&nbsp;&nbsp;&nbsp;&nbsp;&nbsp;&nbsp;&nbsp;&nbsp;&nbsp;&nbsp;&nbsp;&nbsp;&nbsp;&nbsp;&nbsp;&nbsp;&nbsp;&nbsp;&nbsp;&nbsp;&nbsp;&nbsp;&nbsp;&nbsp;&nbsp;&nbsp;&nbsp;&nbsp;&nbsp;&nbsp;&nbsp;&nbsp;&nbsp;&nbsp;&nbsp;&nbsp;&nbsp;&nbsp;&nbsp;&nbsp;&nbsp;&nbsp;&nbsp;&nbsp;&nbsp;&nbsp;&nbsp;&nbsp;&nbsp;&nbsp;&nbsp;&nbsp;\r\n&nbsp;&nbsp;&nbsp;&nbsp;&nbsp;&nbsp;&nbsp;&nbsp;&nbsp;&nbsp;&nbsp;&nbsp;&nbsp;&nbsp;&nbsp;&nbsp;&nbsp;&nbsp;&nbsp;&nbsp;&nbsp;&nbsp;&nbsp;&nbsp;&nbsp;&nbsp;&nbsp;&nbsp;&nbsp;&nbsp;&nbsp;&nbsp;                        <\/div>\n                     <\/div>\n                  <\/div>\n                                                   <div class=\"menu-block media\"> \n                     <div class=\"post-thumb\">\n                                              <\/div>\n                     <div class=\"inner-box\"> \n                                                <div class=\"info clearfix\">\n                              <h3 class=\"post-title pull-left\">\n                                 Avokado Salata                              <\/h3> \n                              <h3 class=\"price pull-right\"><i>\u20ba <\/i> 360<\/h3>\n\n                        <\/div>\n                        <div class=\"text\"> \n                                                   <\/div>\n                     <\/div>\n                  <\/div>\n                                                   <div class=\"menu-block media\"> \n                     <div class=\"post-thumb\">\n                                              <\/div>\n                     <div class=\"inner-box\"> \n                                                <div class=\"info clearfix\">\n                              <h3 class=\"post-title pull-left\">\n                                 \u00c7\u0131t\u0131r Tavuk Salata                              <\/h3> \n                              <h3 class=\"price pull-right\"><i>\u20ba <\/i> 360<\/h3>\n\n                        <\/div>\n                        <div class=\"text\"> \n                                                   <\/div>\n                     <\/div>\n                  <\/div>\n                                             <\/div>\n                   \t\t<\/div>\n\t\t\t\t<\/div>\n\t\t\t\t\t\t<\/div>\n\t\t\t\t\t<\/div>\n\t\t<\/div>\n\t\t\t\t\t\t\t\t<\/div>\n\t\t\t\t\t<\/div>\n\t\t<\/section>\n\t\t\t\t<section class=\"elementor-section elementor-top-section elementor-element elementor-element-1c97ad33 elementor-hidden-mobile elementor-section-boxed elementor-section-height-default elementor-section-height-default\" data-id=\"1c97ad33\" data-element_type=\"section\" data-settings=\"{&quot;background_background&quot;:&quot;classic&quot;}\">\n\t\t\t\t\t\t<div class=\"elementor-container elementor-column-gap-default\">\n\t\t\t\t\t\t\t<div class=\"elementor-row\">\n\t\t\t\t\t<div class=\"elementor-column elementor-col-100 elementor-top-column elementor-element elementor-element-7061e6a3\" data-id=\"7061e6a3\" data-element_type=\"column\">\n\t\t\t<div class=\"elementor-column-wrap elementor-element-populated\">\n\t\t\t\t\t\t\t<div class=\"elementor-widget-wrap\">\n\t\t\t\t\t\t<div class=\"elementor-element elementor-element-45ad1799 elementor-widget elementor-widget-image\" data-id=\"45ad1799\" data-element_type=\"widget\" data-settings=\"{&quot;ekit_we_effect_on&quot;:&quot;none&quot;}\" data-widget_type=\"image.default\">\n\t\t\t\t<div class=\"elementor-widget-container\">\n\t\t\t\t\t\t\t\t<div class=\"elementor-image\">\n\t\t\t\t\t\t\t\t\t\t\t\t<img decoding=\"async\" width=\"383\" height=\"132\" src=\"http:\/\/menuden.net\/wooxloungemenu\/wp-content\/uploads\/2021\/10\/WO.png\" class=\"attachment-medium_large size-medium_large\" alt=\"\" loading=\"lazy\" srcset=\"http:\/\/menuden.net\/wooxloungemenu\/wp-content\/uploads\/2021\/10\/WO.png 383w, http:\/\/menuden.net\/wooxloungemenu\/wp-content\/uploads\/2021\/10\/WO-300x103.png 300w\" sizes=\"(max-width: 383px) 100vw, 383px\" \/>\t\t\t\t\t\t\t\t\t\t\t\t\t\t<\/div>\n\t\t\t\t\t\t<\/div>\n\t\t\t\t<\/div>\n\t\t\t\t<div class=\"elementor-element elementor-element-7e6ee86c elementor-widget-divider--view-line elementor-widget elementor-widget-divider\" data-id=\"7e6ee86c\" data-element_type=\"widget\" data-settings=\"{&quot;ekit_we_effect_on&quot;:&quot;none&quot;}\" data-widget_type=\"divider.default\">\n\t\t\t\t<div class=\"elementor-widget-container\">\n\t\t\t\t\t<div class=\"elementor-divider\">\n\t\t\t<span class=\"elementor-divider-separator\">\n\t\t\t\t\t\t<\/span>\n\t\t<\/div>\n\t\t\t\t<\/div>\n\t\t\t\t<\/div>\n\t\t\t\t\t\t<\/div>\n\t\t\t\t\t<\/div>\n\t\t<\/div>\n\t\t\t\t\t\t\t\t<\/div>\n\t\t\t\t\t<\/div>\n\t\t<\/section>\n\t\t\t\t<section class=\"elementor-section elementor-top-section elementor-element elementor-element-3877e872 elementor-hidden-desktop elementor-hidden-tablet elementor-section-boxed elementor-section-height-default elementor-section-height-default\" data-id=\"3877e872\" data-element_type=\"section\" data-settings=\"{&quot;background_background&quot;:&quot;classic&quot;}\">\n\t\t\t\t\t\t<div class=\"elementor-container elementor-column-gap-default\">\n\t\t\t\t\t\t\t<div class=\"elementor-row\">\n\t\t\t\t\t<div class=\"elementor-column elementor-col-100 elementor-top-column elementor-element elementor-element-6e678bf7\" data-id=\"6e678bf7\" data-element_type=\"column\">\n\t\t\t<div class=\"elementor-column-wrap elementor-element-populated\">\n\t\t\t\t\t\t\t<div class=\"elementor-widget-wrap\">\n\t\t\t\t\t\t<div class=\"elementor-element elementor-element-6cae2121 elementor-widget elementor-widget-spacer\" data-id=\"6cae2121\" data-element_type=\"widget\" data-settings=\"{&quot;ekit_we_effect_on&quot;:&quot;none&quot;}\" data-widget_type=\"spacer.default\">\n\t\t\t\t<div class=\"elementor-widget-container\">\n\t\t\t\t\t<div class=\"elementor-spacer\">\n\t\t\t<div class=\"elementor-spacer-inner\"><\/div>\n\t\t<\/div>\n\t\t\t\t<\/div>\n\t\t\t\t<\/div>\n\t\t\t\t\t\t<\/div>\n\t\t\t\t\t<\/div>\n\t\t<\/div>\n\t\t\t\t\t\t\t\t<\/div>\n\t\t\t\t\t<\/div>\n\t\t<\/section>\n\t\t\t\t\t\t<\/div>\n\t\t\t\t\t\t<\/div>\n\t\t\t\t\t<\/div>\n\t\t","protected":false},"excerpt":{"rendered":"<p>Salatalar Akdeniz Salata \u20ba 30.50 Akdeniz Ye\u015fillikleri, Domates, Salata, Beyaz Peynir ile Sezar Salata \u20ba 33.50 Akdeniz Ye\u015fillikleri, Tane M\u0131s\u0131r, Kroton Ekmek, Kurutulmu\u015f Domates, Sezar Sos, Tavuk Izgara ve Parmesan Hellim Salata \u20ba 29.50 Akdeniz Ye\u015fillikleri, Domates, Salatal\u0131, Hellim Izgara E\u015fli\u011finde Ton Bal\u0131kl\u0131 Salata \u20ba 31.50 Akdeniz Ye\u015fillikleri, Domates, Tur\u015fu, Taze Ka\u015far, M\u0131s\u0131r, Ton Bal\u0131\u011f\u0131 [&hellip;]<\/p>\n","protected":false},"author":1,"featured_media":0,"parent":0,"menu_order":0,"comment_status":"closed","ping_status":"closed","template":"elementor_canvas","meta":[],"_links":{"self":[{"href":"http:\/\/menuden.net\/wooxloungemenu\/wp-json\/wp\/v2\/pages\/2061"}],"collection":[{"href":"http:\/\/menuden.net\/wooxloungemenu\/wp-json\/wp\/v2\/pages"}],"about":[{"href":"http:\/\/menuden.net\/wooxloungemenu\/wp-json\/wp\/v2\/types\/page"}],"author":[{"embeddable":true,"href":"http:\/\/menuden.net\/wooxloungemenu\/wp-json\/wp\/v2\/users\/1"}],"replies":[{"embeddable":true,"href":"http:\/\/menuden.net\/wooxloungemenu\/wp-json\/wp\/v2\/comments?post=2061"}],"version-history":[{"count":6,"href":"http:\/\/menuden.net\/wooxloungemenu\/wp-json\/wp\/v2\/pages\/2061\/revisions"}],"predecessor-version":[{"id":2561,"href":"http:\/\/menuden.net\/wooxloungemenu\/wp-json\/wp\/v2\/pages\/2061\/revisions\/2561"}],"wp:attachment":[{"href":"http:\/\/menuden.net\/wooxloungemenu\/wp-json\/wp\/v2\/media?parent=2061"}],"curies":[{"name":"wp","href":"https:\/\/api.w.org\/{rel}","templated":true}]}}